{"id":25670,"date":"2025-10-20T08:11:42","date_gmt":"2025-10-20T05:11:42","guid":{"rendered":"https:\/\/ataking-store.com\/?page_id=25670"},"modified":"2025-10-20T17:40:19","modified_gmt":"2025-10-20T14:40:19","slug":"gizlilik-politikasi","status":"publish","type":"page","link":"https:\/\/ataking-store.com\/tr\/gizlilik-politikasi\/","title":{"rendered":"gizlilik politikas\u0131"},"content":{"rendered":"\t\t<div data-elementor-type=\"wp-page\" data-elementor-id=\"25670\" class=\"elementor elementor-25670 elementor-25626\" data-elementor-post-type=\"page\">\n\t\t\t\t<div class=\"wd-negative-gap elementor-element elementor-element-9531e0c e-flex e-con-boxed e-con e-parent\" data-id=\"9531e0c\" data-element_type=\"container\" data-e-type=\"container\">\n\t\t\t\t\t<div class=\"e-con-inner\">\n\t\t\t\t<div class=\"elementor-element elementor-element-23a12e0 elementor-widget elementor-widget-html\" data-id=\"23a12e0\" data-element_type=\"widget\" data-e-type=\"widget\" data-widget_type=\"html.default\">\n\t\t\t\t<div class=\"elementor-widget-container\">\n\t\t\t\t\t<!-- Load Cairo Font -->\r\n<link href=\"https:\/\/fonts.googleapis.com\/css2?family=Cairo:wght@400;600;700&display=swap\" rel=\"stylesheet\">\r\n\r\n<style>\r\n  .ats-policy-container * {\r\n    font-family: 'Cairo', sans-serif !important;\r\n    direction: ltr;\r\n    text-align: start;\r\n  }\r\n\r\n  .ats-policy-container {\r\n    background: linear-gradient(180deg, #ffffff 0%, #f8fafc 100%);\r\n    padding: 40px;\r\n    border-radius: 16px;\r\n    line-height: 1.9;\r\n    color: #222;\r\n    box-shadow: 0 4px 20px rgba(0, 0, 0, 0.05);\r\n  }\r\n\r\n  .ats-policy-title {\r\n    text-align: center;\r\n    margin-bottom: 25px;\r\n  }\r\n\r\n  .ats-policy-title h2 {\r\n    color: #2c3e50;\r\n    font-size: 28px;\r\n    font-weight: 700;\r\n    margin-bottom: 5px;\r\n    text-align: center;\r\n  }\r\n\r\n  .ats-policy-title p {\r\n    text-align: center;\r\n    color: #888;\r\n  }\r\n\r\n  .ats-policy-separator {\r\n    width: 80px;\r\n    border: 2px solid #e67e22;\r\n    border-radius: 3px;\r\n    margin: auto;\r\n    display: none;\r\n  }\r\n\r\n  .ats-policy-container h3 {\r\n    color: #e67e22;\r\n    margin-top: 25px;\r\n  }\r\n\r\n  .ats-policy-container ul {\r\n    list-style: none;\r\n    padding: 0;\r\n    margin: 0;\r\n  }\r\n\r\n  .ats-policy-container ul li::before {\r\n    content: \"\u2022 \";\r\n    color: #e67e22;\r\n  }\r\n\r\n  .ats-policy-container hr {\r\n    margin: 40px 0;\r\n    border: 1px solid #eee;\r\n  }\r\n\r\n  .ats-policy-footer {\r\n    text-align: center;\r\n    color: #999;\r\n    font-size: 14px;\r\n    margin-top: 40px;\r\n  }\r\n<\/style>\r\n\r\n<div class=\"ats-policy-container\">\r\n\r\n  <div class=\"ats-policy-title\">\r\n    <h2>Gizlilik Politikas\u0131<\/h2>\r\n    <p>Ataking Store<\/p>\r\n    <hr class=\"ats-policy-separator\">\r\n  <\/div>\r\n\r\n  <p><strong style=\"color:#e67e22;\">Ataking Store<\/strong> olarak, kullan\u0131c\u0131lar\u0131m\u0131z\u0131n gizlili\u011fini korumay\u0131 taahh\u00fct ediyoruz. Bu politika, <strong>moda ve makyaj \u00fcr\u00fcnleri<\/strong> sat\u0131\u015f\u0131 ve al\u0131\u015fveri\u015f hesaplar\u0131n\u0131n y\u00f6netimi i\u00e7in kullan\u0131lan uygulamam\u0131z ve \u00e7evrimi\u00e7i platformumuzda ki\u015fisel verilerin nas\u0131l topland\u0131\u011f\u0131n\u0131, kullan\u0131ld\u0131\u011f\u0131n\u0131 ve korundu\u011funu a\u00e7\u0131klar.<\/p>\r\n\r\n  <h3>\ud83e\uddfe 1) Toplad\u0131\u011f\u0131m\u0131z Veriler<\/h3>\r\n  <p>Yaln\u0131zca hizmetlerimizi i\u015fletmek i\u00e7in gerekli verileri topluyoruz. Bunlar \u015funlar\u0131 i\u00e7erir:<\/p>\r\n  <ul>\r\n    <li><strong>Hesap Verileri:<\/strong> ad, telefon numaras\u0131 ve (varsa) e-posta adresi.<\/li>\r\n    <li><strong>Sepet ve Fatura Verileri.<\/strong><\/li>\r\n    <li><strong>Ticari S\u0131n\u0131fland\u0131rma Verileri:<\/strong> Perakende \/ Yar\u0131 toptan \/ Toptan.<\/li>\r\n    <li><strong>Kargo Verileri:<\/strong> sipari\u015f onay\u0131 s\u0131ras\u0131nda toplan\u0131r.<\/li>\r\n  <\/ul>\r\n  <p style=\"color:#666;\">\ud83d\udeab M\u00fc\u015fteri banka kart\u0131 veya dijital c\u00fczdan bilgilerini toplam\u0131yor veya saklam\u0131yoruz.<\/p>\r\n\r\n  <h3>\ud83e\udd1d 2) Veri Payla\u015f\u0131m\u0131<\/h3>\r\n  <p>Kullan\u0131c\u0131 verileri yaln\u0131zca a\u015fa\u011f\u0131daki durumlarda payla\u015f\u0131labilir:<\/p>\r\n  <ul>\r\n    <li>M\u00fc\u015fterinin ad\u0131 ve ileti\u015fim numaras\u0131, teslimat amac\u0131yla kargo \u015firketleriyle payla\u015f\u0131labilir.<\/li>\r\n  <\/ul>\r\n  <p style=\"color:#666;\">\ud83d\udd12 M\u00fc\u015fteri verileri hi\u00e7bir zaman reklam veya ticari ama\u00e7larla \u00fc\u00e7\u00fcnc\u00fc taraflarla payla\u015f\u0131lmaz.<\/p>\r\n\r\n  <h3>\ud83d\udcbe 3) Veri Saklama ve Koruma<\/h3>\r\n  <p>T\u00fcm veriler, yetkisiz eri\u015fim veya de\u011fi\u015fikli\u011fe kar\u015f\u0131 onayl\u0131 g\u00fcvenlik standartlar\u0131na uygun olarak g\u00fcvenli bir \u015fekilde saklan\u0131r ve korunur.<\/p>\r\n  <p style=\"color:#666;\">Verilerinizin iletim ve depolama s\u0131ras\u0131nda gizlili\u011fini sa\u011flamak i\u00e7in g\u00fc\u00e7l\u00fc g\u00fcvenlik protokolleri kullan\u0131yoruz.<\/p>\r\n\r\n  <h3>\u2699\ufe0f 4) Kullan\u0131c\u0131 Haklar\u0131<\/h3>\r\n  <p>Kullan\u0131c\u0131lar a\u015fa\u011f\u0131daki haklara sahiptir:<\/p>\r\n  <ul>\r\n    <li>Hesap verilerinin d\u00fczeltilmesini talep etme.<\/li>\r\n    <li>Hesab\u0131n\u0131n tamamen silinmesini talep etme \u2014 muhasebe kay\u0131tlar\u0131n\u0131n b\u00fct\u00fcnl\u00fc\u011f\u00fcn\u00fc korumak i\u00e7in idari do\u011frulama sonras\u0131nda.<\/li>\r\n  <\/ul>\r\n  <p style=\"color:#666;\">\ud83d\udce7 Bu haklardan herhangi birini kullanmak i\u00e7in bizimle \u015fu e-posta adresi \u00fczerinden ileti\u015fime ge\u00e7ebilirsiniz:\r\n  <a href=\"mailto:support@atakingstore.com\" style=\"color:#e67e22; text-decoration:none;\">support@atakingstore.com<\/a><\/p>\r\n\r\n  <h3>\ud83d\udd04 5) Politika G\u00fcncellemeleri<\/h3>\r\n  <p>Bu politika, operasyonel gereksinimler veya y\u00fcr\u00fcrl\u00fckteki yasalara g\u00f6re zaman zaman g\u00fcncellenebilir. T\u00fcm g\u00fcncellemeler uygulamada ve platformda yay\u0131nlanacakt\u0131r. Yay\u0131ndan sonra hizmetleri kullanmaya devam etmeniz, yap\u0131lan de\u011fi\u015fiklikleri kabul etti\u011finiz anlam\u0131na gelir.<\/p>\r\n\r\n<\/div>\r\n\t\t\t\t<\/div>\n\t\t\t\t<\/div>\n\t\t\t\t\t<\/div>\n\t\t\t\t<\/div>\n\t\t\t\t<\/div>\n\t\t","protected":false},"excerpt":{"rendered":"<p>Gizlilik Politikas\u0131 Ataking Store Ataking Store olarak, kullan\u0131c\u0131lar\u0131m\u0131z\u0131n gizlili\u011fini korumay\u0131 taahh\u00fct ediyoruz. Bu politika, moda ve makyaj \u00fcr\u00fcnleri sat\u0131\u015f\u0131 ve<\/p>\n","protected":false},"author":1,"featured_media":0,"parent":0,"menu_order":0,"comment_status":"closed","ping_status":"closed","template":"elementor_header_footer","meta":{"footnotes":""},"class_list":["post-25670","page","type-page","status-publish","hentry"],"_links":{"self":[{"href":"https:\/\/ataking-store.com\/tr\/wp-json\/wp\/v2\/pages\/25670","targetHints":{"allow":["GET"]}}],"collection":[{"href":"https:\/\/ataking-store.com\/tr\/wp-json\/wp\/v2\/pages"}],"about":[{"href":"https:\/\/ataking-store.com\/tr\/wp-json\/wp\/v2\/types\/page"}],"author":[{"embeddable":true,"href":"https:\/\/ataking-store.com\/tr\/wp-json\/wp\/v2\/users\/1"}],"replies":[{"embeddable":true,"href":"https:\/\/ataking-store.com\/tr\/wp-json\/wp\/v2\/comments?post=25670"}],"version-history":[{"count":7,"href":"https:\/\/ataking-store.com\/tr\/wp-json\/wp\/v2\/pages\/25670\/revisions"}],"predecessor-version":[{"id":25708,"href":"https:\/\/ataking-store.com\/tr\/wp-json\/wp\/v2\/pages\/25670\/revisions\/25708"}],"wp:attachment":[{"href":"https:\/\/ataking-store.com\/tr\/wp-json\/wp\/v2\/media?parent=25670"}],"curies":[{"name":"wp","href":"https:\/\/api.w.org\/{rel}","templated":true}]}}